{"id":1975,"date":"2017-08-29T09:31:43","date_gmt":"2017-08-29T09:31:43","guid":{"rendered":"http:\/\/jasminerinyaschuler.com\/vision\/"},"modified":"2021-07-17T13:38:51","modified_gmt":"2021-07-17T13:38:51","slug":"jasmin-unsere-welt-voller-ressourcen","status":"publish","type":"page","link":"https:\/\/jasminerinyaschuler.com\/en\/jasmin-unsere-welt-voller-ressourcen\/","title":{"rendered":"Unsere Welt voller Ressourcen"},"content":{"rendered":"<p>[vc_row css=&#8221;.vc_custom_1503999100751{padding-top: 40px !important;}&#8221;][vc_column]\t\n\t<h2 style=\"text-align: center;color: #b36cac;\" > Unsere Welt ist voller Ressourcen -<br \/>\nWir k\u00f6nnen sie uns zum Wohle des Ganzen erschlie\u00dfen & nutzen<\/h2>\t\n[\/vc_column][\/vc_row][vc_row css=&#8221;.vc_custom_1503997710966{padding-top: 30px !important;padding-bottom: 30px !important;}&#8221;][vc_column][vc_single_image image=&#8221;2205&#8243; img_size=&#8221;full&#8221; alignment=&#8221;center&#8221; css=&#8221;.vc_custom_1504988220923{margin-bottom: 0px !important;padding-bottom: 30px !important;}&#8221;][vc_empty_space height=&#8221;20px&#8221;][vc_column_text]Auf vielerlei Weisen durfte ich auf meinem nicht selten abenteuerlichen und m\u00e4andrierenden Lebensweg erfahren, dass \u201euns\u201c in jedem Augenblick eine unermessliche F\u00fclle an Unterst\u00fctzung zur Verf\u00fcgung steht. Mir ist bewusst, dass viele Menschen aufgrund ihrer bisherigen Erfahrungen diese Perspektive<br \/>\nnicht teilen.<\/p>\n<p>Das Spannende ist, dass diese Wahrnehmung, wie das Leben, die Welt und die Mitmenschen sind, in jedem Einzelnen von uns ja per se nicht \u201eobjektiv\u201c ist, &#8211;<br \/>\nsondern zutiefst pers\u00f6nlich, &#8211; gepr\u00e4gt durch die Geschichte der Vorfahren und der eigenen Erlebnisse und das bedeutet, dass jeder Mensch sein Set an Filtern<br \/>\noder sogenannten \u201eBrillen\u201c mit sich tr\u00e4gt, die die Sicht auf die Dinge einf\u00e4rben und ggf. massiv verzerren. Und nat\u00fcrlich schaue auch ich gerade durch eine Brille, &#8211; allerdings eine, die mir viel mehr erm\u00f6glicht, als meine fr\u00fcheren.[\/vc_column_text][vc_single_image image=&#8221;2212&#8243; img_size=&#8221;full&#8221; alignment=&#8221;center&#8221; css=&#8221;.vc_custom_1504541337247{margin-bottom: 0px !important;padding-top: 30px !important;padding-bottom: 60px !important;}&#8221;][vc_column_text]Durch meine Ausbildung in der Trauma-L\u00f6sungs-Methode Somatic Experiencing, konnte ich das noch auf einer tieferliegenden Ebene begreifen lernen: Menschen, die mehrfache Trauma-Erfahrung haben, vor allem wenn diese in der (fr\u00fchen) Kindheit und \u00fcber l\u00e4ngere Zeitr\u00e4ume anhaltend, wiederkehrend waren, sind gewisserma\u00dfen durch die (noch) vorhandene Trauma-Energie im K\u00f6rper in ein be\u00e4ngstigendes Weltbild, eine selektiv negative Wahrnehmung und eine ggf. massiv limitierende Denkweise &#8220;eingesperrt&#8221;. Das bedeutet gerade nicht, dass man einfach nur die Perspektive wechseln muss, sozusagen mit einer geh\u00f6rigen Ladung positives Denken die eigene Welt mit einem Fingerschnippen zu einem freundlichen Universum verwandeln kann. Das hier ist kein arrogantes oder \u00fcberhebliches Statement, sondern ich m\u00f6chte die Tragik benennen, die manchmal gar nicht leicht aufzul\u00f6sen ist.<\/p>\n<p>F\u00fcr manche Menschen kann das jedoch m\u00f6glich werden.<br \/>\nAnfang, Mitte der 1990 Jahre und noch danach war es hart und kalt und unertr\u00e4glich einsam in \u201emeinem Universum\u201c. Ich war voller Misstrauen, Angst und Schmerz. Es kommt mir immer wieder wie ein Wunder vor, wie ich Schritt f\u00fcr Schritt die jeweils passende Unterst\u00fctzung gefunden habe und wie sich meine Innenwelt und damit mein Erleben der und Leben in der Welt auf zuvor ungeahnte Weise \u00fcber Jahre zum Guten gewandelt hat.<br \/>\nMeine Dankbarkeit daf\u00fcr l\u00e4sst sich nicht mit Worten ausdr\u00fccken und aus dieser inneren F\u00fclle und Freude, wo vorher Leere und K\u00e4lte war, kommt der Wunsch, dies mit den Menschen, die das anspricht zu teilen.<\/p>\n<p>In meinem neu gewonnenen Leben entdeckte ich nach und nach, dass dies eine Welt von M\u00d6GLICHKEITEN ist, &#8211; von viel mehr M\u00f6glichkeiten, als in jedem Moment offensichtlich sind<\/p>\n<p>Das bedeutet, dass ich lernen konnte, mich auf diese M\u00f6glichkeiten auszurichten, dem Nicht-Offensichtlichen zu lauschen, die passenden Informationen und Hinweise im passenden Moment zu empfangen und Zugang zu finden zur Erde als Energiequelle und all dies mit bestem Wissen und Gewissen zum Guten f\u00fcr das Ganze zu nutzen.<\/p>\n<p>Das bedeutet wiederum nicht, dass in meinem Leben alles rosarot beschwingt ist oder alles glatt l\u00e4uft. Definitiv nicht. Aber ich durfte auch lernen, dass jede unerwartete, herausfordernde, manchmal emp\u00f6rende Wendung oder h\u00f6chst schmerzhafte Einschnitte letztlich immer einen tieferen Sinn haben und wiederum M\u00f6glichkeiten f\u00fcr mehr Gutes und G\u00fcte beinhalten. Auch wenn sich das manchmal erst viele Jahre sp\u00e4ter herauskristallisiert.<\/p>\n<p>Ich w\u00fcnsche mir von Herzen mit meinem Leben und meinen Angeboten, dazu beizutragen, meine Mitmenschen zu inspirieren oder besser noch zu erinnern, dass das Leben ein wundervolles Geschenk ist, wir unermessliche M\u00f6glichkeiten haben und von kraftvoller Unterst\u00fctzung wortw\u00f6rtlich umgeben sind und unsere jeweiligen Schwierigkeiten und unser menschliches Ringen nicht falsch sind, sondern ein Teil unseres Entdeckens und Lernens.<\/p>\n<p>Denn je mehr Menschen diese enorme Unterst\u00fctzung und das unvorstellbare Potential nutzen k\u00f6nnen, desto leichter k\u00f6nnen wir alle gemeinsam zu einer freundlicheren und gro\u00dfz\u00fcgigeren Welt beitragen und vor allem unseren wundersch\u00f6nen Heimatplaneten vor den zerst\u00f6rerischen Auswirkungen der krankhaften und habgierigen Weltsichten bewahren helfen.[\/vc_column_text][vc_single_image image=&#8221;2213&#8243; img_size=&#8221;full&#8221; alignment=&#8221;center&#8221; css=&#8221;.vc_custom_1504541344105{margin-bottom: 0px !important;padding-top: 30px !important;}&#8221;][vc_empty_space height=&#8221;20px&#8221;][vc_empty_space height=&#8221;20px&#8221;][vc_column_text]<\/p>\n<p style=\"text-align: center;\">Jenseits der Unmengen von negativen Informationen der Mainstreammedien, gibt es zahllose Projekte und Bewegungen,<br \/>\ndie sich f\u00fcr das Gute, f\u00fcr Heilung, f\u00fcr die Erde, die Natur und die Tierwelt einsetzen. Eine kleine Auswahl findet sich <a href=\"https:\/\/jasminerinyaschuler.com\/links-und-literatur\/\" target=\"_blank\" rel=\"noopener\">hier<\/a>.<\/p>\n<p>[\/vc_column_text][vc_empty_space height=&#8221;20px&#8221;][vc_column_text]<\/p>\n<p style=\"text-align: center;\"><span style=\"color: #800080;\"><strong>Vielen Dank f\u00fcr Dein Interesse an meiner Arbeit und an meinem Lebensweg.<\/strong><\/span><br \/>\n<span style=\"color: #800080;\"><strong>Ich w\u00fcnsche Dir viel Freude und Wunder und unerwartete positive \u00dcberraschungen auf Deinem Weg.<\/strong><\/span><\/p>\n<p>[\/vc_column_text][vc_empty_space height=&#8221;20px&#8221;][vc_column_text]<\/p>\n<p style=\"text-align: center;\">\u201eProbleme kann man niemals mit derselben Denkweise l\u00f6sen, durch die sie entstanden sind.\u201c<br \/>\n<em>Albert Einstein<\/em><\/p>\n<p style=\"text-align: center;\">\u201eSei Du selbst die Ver\u00e4nderung, die Du Dir w\u00fcnschst f\u00fcr diese Welt.\u201c<br \/>\n<em>Mahatma Gandhi<\/em><\/p>\n<p>[\/vc_column_text][\/vc_column][\/vc_row]<\/p>\n","protected":false},"excerpt":{"rendered":"<p>[vc_row css=&#8221;.vc_custom_1503999100751{padding-top: 40px !important;}&#8221;][vc_column][\/vc_column][\/vc_row][vc_row css=&#8221;.vc_custom_1503997710966{padding-top: 30px !important;padding-bottom: 30px !important;}&#8221;][vc_column][vc_single_image image=&#8221;2205&#8243; img_size=&#8221;full&#8221; alignment=&#8221;center&#8221; css=&#8221;.vc_custom_1504988220923{margin-bottom: 0px !important;padding-bottom: 30px !important;}&#8221;][vc_empty_space height=&#8221;20px&#8221;][vc_column_text]Auf vielerlei Weisen durfte ich auf meinem nicht selten abenteuerlichen und m\u00e4andrierenden Lebensweg [&hellip;]<\/p>\n","protected":false},"author":1,"featured_media":0,"parent":0,"menu_order":0,"comment_status":"closed","ping_status":"closed","template":"page-templates\/template-canvas.php","meta":{"_acf_changed":false,"footnotes":""},"class_list":["post-1975","page","type-page","status-publish","hentry"],"acf":[],"_links":{"self":[{"href":"https:\/\/jasminerinyaschuler.com\/en\/wp-json\/wp\/v2\/pages\/1975","targetHints":{"allow":["GET"]}}],"collection":[{"href":"https:\/\/jasminerinyaschuler.com\/en\/wp-json\/wp\/v2\/pages"}],"about":[{"href":"https:\/\/jasminerinyaschuler.com\/en\/wp-json\/wp\/v2\/types\/page"}],"author":[{"embeddable":true,"href":"https:\/\/jasminerinyaschuler.com\/en\/wp-json\/wp\/v2\/users\/1"}],"replies":[{"embeddable":true,"href":"https:\/\/jasminerinyaschuler.com\/en\/wp-json\/wp\/v2\/comments?post=1975"}],"version-history":[{"count":10,"href":"https:\/\/jasminerinyaschuler.com\/en\/wp-json\/wp\/v2\/pages\/1975\/revisions"}],"predecessor-version":[{"id":3947,"href":"https:\/\/jasminerinyaschuler.com\/en\/wp-json\/wp\/v2\/pages\/1975\/revisions\/3947"}],"wp:attachment":[{"href":"https:\/\/jasminerinyaschuler.com\/en\/wp-json\/wp\/v2\/media?parent=1975"}],"curies":[{"name":"wp","href":"https:\/\/api.w.org\/{rel}","templated":true}]}}