{"id":1977,"date":"2017-08-29T09:05:33","date_gmt":"2017-08-29T09:05:33","guid":{"rendered":"http:\/\/jasminerinyaschuler.com\/was-ich-liebe\/"},"modified":"2019-09-04T12:40:10","modified_gmt":"2019-09-04T12:40:10","slug":"was-ich-liebe","status":"publish","type":"page","link":"https:\/\/jasminerinyaschuler.com\/en\/was-ich-liebe\/","title":{"rendered":"WAS ICH LIEBE"},"content":{"rendered":"<p>[vc_row css=&#8221;.vc_custom_1503912592202{padding-top: 40px !important;}&#8221;][vc_column]\t\n\t<h2 style=\"text-align: center;color: #b36cac;\" > Was ich liebe<\/h2>\t\n[\/vc_column][\/vc_row][vc_row css=&#8221;.vc_custom_1503997332593{padding-top: 30px !important;padding-bottom: 30px !important;}&#8221;][vc_column][vc_single_image image=&#8221;1978&#8243; img_size=&#8221;full&#8221; alignment=&#8221;center&#8221; css=&#8221;.vc_custom_1503997287178{margin-bottom: 0px !important;}&#8221;][vc_empty_space height=&#8221;50px&#8221;][vc_column_text]Sehr gerne umarme ich mir nahe stehende Menschen (also nicht alle und jede\/n) und B\u00e4ume. B\u00e4ume! Haben wir als &#8220;moderne Menschen&#8221; schon wirklich erfasst, welche Sch\u00e4tze B\u00e4ume sind und was alles sie f\u00fcr uns bereitstellen? Gerne sitze ich gem\u00fctlich an sie gelehnt und sp\u00fcre ihre m\u00e4chtige Verwurzelung, den starken Stamm und die \u00d6ffnung in den Himmel. In der Natur zu sein, innezuhalten und mich mit der Lebendigkeit zu verbinden, n\u00e4hrt und erf\u00fcllt mich. Die innere Kommunikation mit der Natur, der Erde und Tieren inspiriert mich und ihre Weisheit und Kommentare bringen mich oft zum Schmunzeln.[\/vc_column_text][vc_column_text]Freier Tanz ist eine meiner gr\u00f6\u00dften Freuden. Meine Reisen und mein l\u00e4ngerer Aufenthalt in Israel haben mir eine zweite Heimat geschenkt und mein Universum um Dimensionen erweitert.[\/vc_column_text][vc_column_text]Ich liebe meine Arbeit. Die verspielte Kreativit\u00e4t in der Heilarbeit, f\u00fcr die Begrenzungen und Anspannung eine Einladung zu tieferer Hingabe und \u00d6ffnung sind, um den jeweils einzigartigen Pfad zur Transformation und Heilung gemeinsam mit meinen KlientInnen zu entdecken. Die Kommunikation und Zusammenarbeit mit Engeln und Lichtwesen, die wertvolle Information, F\u00fchrung und Schutz vermitteln und heilsame Lichtfrequenzen \u00fcbertragen. Das so pr\u00e4zise, geniale Somatic Experiencing\u00ae, das eine wahre Offenbarung in der Arbeit mit Trauma ist und dessen M\u00f6glichkeiten und Wirkungsweise mich immer wieder von neuem mit gro\u00dfer Dankbarkeit und Freude erf\u00fcllen. Das mir entgegen gebrachte Vertrauen meiner KlientInnen, die Anteilnahme an ihrem menschlichen Ringen, das Miterleben von L\u00f6sung, Integration und Heilung verleihen meinem eigenen Lebens- und Heilungsweg, meinem Erforschen und Entdecken einen tieferen Sinn. Meine tiefe Verbindung und meine Liebe zu Tieren nehmen einen besonderen Platz in meinem Leben ein. Ihre Art des F\u00fchlens, ihre Intelligenz und Weisheit tiefer zu erfassen, ber\u00fchren mich sehr und es freut mich ganz besonders, mit meiner Heilarbeit zu ihrem Wohlergehen beizutragen.[\/vc_column_text][\/vc_column][\/vc_row][vc_row css=&#8221;.vc_custom_1503997548042{padding-top: 30px !important;padding-bottom: 30px !important;}&#8221;][vc_column]\t\n\t<h2 style=\"text-align: center;color: #b36cac;\" > Dank<\/h2>\t\n[vc_column_text]Ich danke meinen geliebten Eltern, die mir das Leben geschenkt haben. Ihre Lebendigkeit und St\u00e4rke, ihre Kreativit\u00e4t und Anteilnahme, ihr Humor und ihre Herzlichkeit inspirieren und erfreuen mich und geben mir Kraft.<\/p>\n<p>Ganz besonders danke ich all den Menschen, Tieren und guten Kr\u00e4ften, die mich in meinen dunkelsten Zeiten begleitet, unterst\u00fctzt und gef\u00fchrt haben und all denen, die in liebevoller Verbundenheit an meinem Weg Anteil nehmen.[\/vc_column_text][vc_column_text]<strong>Ich danke meinen Lehrerinnen &amp; Lehrern:<\/strong>[\/vc_column_text][vc_column_text]<\/p>\n<ul>\n<li><span style=\"color: #666666;\"><strong>Marianne Wex<\/strong>, deren intuitive Heilarbeit und eigener Heilungsweg nach schwerster Erkrankung meine Arbeit fr\u00fch und ma\u00dfgeblich gepr\u00e4gt haben.<\/span><\/li>\n<li><span style=\"color: #666666;\"><strong>Thomas H\u00fcbl<\/strong>, der mich an mein Zuhause erinnert hat, dessen Sein und Arbeit mich immer wieder im Mark ersch\u00fcttern und ber\u00fchren, mit dem mich, &#8211; mit meinen Worten, &#8211; eine unaussprechlich tiefe Liebe zum G\u00f6ttlichen, zur Stille und zur grenzenlosen Kreativit\u00e4t und Potentialit\u00e4t des Unermesslichen verbindet<\/span><\/li>\n<li><span style=\"color: #666666;\"><span style=\"color: #666666;\"><span style=\"color: #666666;\"><strong>Andre Jacomet<\/strong>, hochgesch\u00e4tzter SE Therapeut, der mich mit Gina Ross vernetzte und meine SE Ausbildung verursachte<br \/>\n<\/span><\/span><\/span>Meinen Ausbildern in Somatic Experiencing\u00ae und ihrer verk\u00f6rperten Erfahrung aus jahrzehntelanger therapeutischer Praxis:<\/li>\n<li><span style=\"color: #666666;\"><strong>Gina Ross<\/strong>, mit ihrem unerm\u00fcdlichen Engagement in der Trauma-Behandlung und Pr\u00e4vention in Israel, Pal\u00e4stina und dar\u00fcber hinaus, Autorin mehrerer Fachb\u00fccher zur Information \u00fcber Trauma-Dynamiken f\u00fcr zahlreiche berufliche Sparten, Mit-Initiatorin der ersten erfolgreich abgeschlossenen empirischen Studie zur Wirksamkeit von SE<\/span><\/li>\n<li><span style=\"color: #666666;\"><strong>Dr. Urs Rentsch<\/strong>, dessen Herzensw\u00e4rme und menschliche Ber\u00fchrbarkeit und Transparenz in der Rolle als Lehrender einen neuen Ma\u00dfstab f\u00fcr mich gesetzt haben.<\/span><\/li>\n<li><span style=\"color: #666666;\"><strong>Dr. Urs Honauer<\/strong>, dessen Kreativit\u00e4t und Humor in der Lehre und der therapeutischen Arbeit heiter profunde Inspiration verstr\u00f6men<\/span><\/li>\n<li><span style=\"color: #666666;\"><strong>Dr. Peter Levine<\/strong>, dem Begr\u00fcnder von Somatic Experiencing\u00ae, &#8211; der \u201eSE Meister\u201c inspirierend jenseits von Worten<\/span><\/li>\n<li><span style=\"color: #666666;\"><strong>Dami Charf<\/strong>, deren informative Artikel und Videos rund um das Thema Trauma wertvolle Informationen verbreiten helfen, sowie ihre verk\u00f6rperte Erfahrung und Herzensw\u00e4rme in der Behandlung von fr\u00fchkindlichen und Entwicklungstrauma<\/span><\/li>\n<li><span style=\"color: #666666;\"><strong>Donna Eden<\/strong>, einer Vorreiterin in der Energetischen Medizin, deren praktische \u00dcbungen f\u00fcr den allt\u00e4glichen Gebrauch von unbezahlbarem Wert f\u00fcr mich sind<\/span><\/li>\n<li><span style=\"color: #666666;\">meinen lieben <strong>Kolleginnen und Kollegen<\/strong> und Weggef\u00e4hrten in den diversen Ausbildungen f\u00fcr ihre Liebe und ihre Freundschaft und das gemeinsame Praktizieren<\/span><\/li>\n<li><span style=\"color: #666666;\">meinen <strong>Klientinnen und Klienten<\/strong>, danke ich f\u00fcr das mir entgegengebrachte Vertrauen und alles, was ich durch ihre Erfahrung und Herausforderungen lernen darf<\/span><\/li>\n<li><span style=\"color: #666666;\">und allen anderen, nicht namentlich genannten f\u00fcr ihren jeweiligen einzigartigen Beitrag<\/span><\/li>\n<\/ul>\n<p>[\/vc_column_text][vc_column_text]<\/p>\n<p style=\"text-align: center;\">Und nicht zuletzt danke ich dem Leben selbst und der Kraft, die alles durchdringt und verbindet und das, was mich gef\u00fchrt und besch\u00fctzt hat in den dunklen Zeiten,<br \/>\nund auch dem, was mir gefehlt hat und was schwierig war und mir so dabei geholfen hat meine Kraft und mein Vertrauen zu sp\u00fcren und zu st\u00e4rken.<\/p>\n<p>[\/vc_column_text][\/vc_column][\/vc_row][vc_row][vc_column][vc_empty_space height=&#8221;70px&#8221;][\/vc_column][\/vc_row][vc_row][vc_column][vc_separator][\/vc_column][\/vc_row]<\/p>\n","protected":false},"excerpt":{"rendered":"<p>[vc_row css=&#8221;.vc_custom_1503912592202{padding-top: 40px !important;}&#8221;][vc_column][\/vc_column][\/vc_row][vc_row css=&#8221;.vc_custom_1503997332593{padding-top: 30px !important;padding-bottom: 30px !important;}&#8221;][vc_column][vc_single_image image=&#8221;1978&#8243; img_size=&#8221;full&#8221; alignment=&#8221;center&#8221; css=&#8221;.vc_custom_1503997287178{margin-bottom: 0px !important;}&#8221;][vc_empty_space height=&#8221;50px&#8221;][vc_column_text]Sehr gerne umarme ich mir nahe stehende Menschen (also nicht alle und jede\/n) und B\u00e4ume. [&hellip;]<\/p>\n","protected":false},"author":1,"featured_media":0,"parent":0,"menu_order":0,"comment_status":"closed","ping_status":"closed","template":"page-templates\/template-canvas.php","meta":{"_acf_changed":false,"footnotes":""},"class_list":["post-1977","page","type-page","status-publish","hentry"],"acf":[],"_links":{"self":[{"href":"https:\/\/jasminerinyaschuler.com\/en\/wp-json\/wp\/v2\/pages\/1977","targetHints":{"allow":["GET"]}}],"collection":[{"href":"https:\/\/jasminerinyaschuler.com\/en\/wp-json\/wp\/v2\/pages"}],"about":[{"href":"https:\/\/jasminerinyaschuler.com\/en\/wp-json\/wp\/v2\/types\/page"}],"author":[{"embeddable":true,"href":"https:\/\/jasminerinyaschuler.com\/en\/wp-json\/wp\/v2\/users\/1"}],"replies":[{"embeddable":true,"href":"https:\/\/jasminerinyaschuler.com\/en\/wp-json\/wp\/v2\/comments?post=1977"}],"version-history":[{"count":9,"href":"https:\/\/jasminerinyaschuler.com\/en\/wp-json\/wp\/v2\/pages\/1977\/revisions"}],"predecessor-version":[{"id":3224,"href":"https:\/\/jasminerinyaschuler.com\/en\/wp-json\/wp\/v2\/pages\/1977\/revisions\/3224"}],"wp:attachment":[{"href":"https:\/\/jasminerinyaschuler.com\/en\/wp-json\/wp\/v2\/media?parent=1977"}],"curies":[{"name":"wp","href":"https:\/\/api.w.org\/{rel}","templated":true}]}}