{"id":2022,"date":"2017-08-24T14:14:16","date_gmt":"2017-08-24T14:14:16","guid":{"rendered":"http:\/\/jasminerinyaschuler.com\/heilbehandlung\/"},"modified":"2021-01-24T15:40:58","modified_gmt":"2021-01-24T15:40:58","slug":"heilbehandlung-2","status":"publish","type":"page","link":"https:\/\/jasminerinyaschuler.com\/en\/heilbehandlung-2\/","title":{"rendered":"HEILBEHANDLUNG"},"content":{"rendered":"<p>[vc_row css=&#8221;.vc_custom_1503913379424{margin-top: 0px !important;margin-bottom: 0px !important;padding-top: 40px !important;}&#8221;][vc_column]\t\n\t<h2 style=\"text-align: center;color: #b36cac;\" > Heilbehandlung & Klang-Bad<\/h2>\t\n[\/vc_column][\/vc_row][vc_row css=&#8221;.vc_custom_1503503607463{background-color: #e5f2bb !important;}&#8221;][vc_column][vc_column_text css=&#8221;.vc_custom_1504459106158{margin-top: 20px !important;margin-bottom: 20px !important;}&#8221;]<\/p>\n<p style=\"text-align: center;\">Jede Heilbehandlung ist einzigartig. Diese Arbeit hat sich \u00fcber viele Jahre herausgebildet und entwickelt sich stetig weiter.<br \/>\nSie verbindet unterschiedliche Elemente aus meinen verschiedenen Ausbildungen. Entsprechend des jeweiligen Menschen<br \/>\nund dessen momentaner Lebenssituation kommen verschiedene Elemente zum Einsatz.<\/p>\n<p>[\/vc_column_text][\/vc_column][\/vc_row][vc_row css=&#8221;.vc_custom_1503584053422{padding-top: 60px !important;padding-bottom: 30px !important;}&#8221;][vc_column][vc_single_image image=&#8221;2195&#8243; img_size=&#8221;full&#8221; alignment=&#8221;center&#8221; css=&#8221;.vc_custom_1504193835377{margin-bottom: 0px !important;padding-top: 30px !important;padding-bottom: 30px !important;}&#8221;][vc_empty_space height=&#8221;20px&#8221;][vc_column_text]<\/p>\n<ul>\n<li><span style=\"color: #666666;\">sanfte Ber\u00fchrung zur Regulation des Nervensystems und zur Tiefenentspannung <\/span><\/li>\n<li><span style=\"color: #666666;\">feines Ersp\u00fcren verschiedener K\u00f6rperebenen (Muskeln, Knochen \u2026 ) und resonantes Mitschwingen<br \/>\nbzw. sanfte Stimulation, um die gesunde Eigenbewegung zu unterst\u00fctzen <\/span><\/li>\n<li><span style=\"color: #666666;\">Kl\u00e4rung und St\u00e4rkung der Chakren<\/span><\/li>\n<li><span style=\"color: #666666;\">Verbindung &amp; Synchronisation nicht zusammen arbeitender Chakren <\/span><\/li>\n<li><span style=\"color: #666666;\">Verbindung mit der Seelenebene und Bewusstwerdung der eigenen Schwingung<br \/>\n<\/span><\/li>\n<li><span style=\"color: #666666;\">\u00dcbertragung von tiefenwirksamen Lichtfrequenzen und Kl\u00e4ngen<\/span><\/li>\n<li><span style=\"color: #666666;\">Kommunikation und Kooperation mit der subtilen Welt (Engel, Pflanzendevas, Krafttiere)<\/span><\/li>\n<\/ul>\n<p>[\/vc_column_text][vc_single_image image=&#8221;2198&#8243; img_size=&#8221;full&#8221; alignment=&#8221;center&#8221; css=&#8221;.vc_custom_1504193839733{margin-bottom: 0px !important;padding-top: 30px !important;padding-bottom: 30px !important;}&#8221;][vc_empty_space height=&#8221;20px&#8221;][vc_column_text]<\/p>\n<p style=\"text-align: center;\">Bitte bequeme Kleidung entsprechend der Jahreszeit mitbringen. Da die Behandlungen sehr intensiv sein k\u00f6nnen und<br \/>\nl\u00e4ngere Zeit nachwirken, ist es empfehlenswert sich nach den Sitzungen gen\u00fcgend Zeit zum Ruhen einzuplanen.<\/p>\n<p>[\/vc_column_text][vc_column_text]<\/p>\n<p style=\"text-align: center;\"><strong>Alle Informationen zu Kosten und Paket-Angeboten\u00a0<a href=\"https:\/\/jasminerinyaschuler.com\/einzelsitzungen-ueberblick-und-kosten-2\/\" target=\"_blank\" rel=\"noopener noreferrer\">hier<\/a>.<\/strong><\/p>\n<p>[\/vc_column_text][\/vc_column][\/vc_row][vc_row css=&#8221;.vc_custom_1503503750517{margin-top: 0px !important;margin-bottom: 0px !important;}&#8221;][vc_column]\t\n\t<h2 style=\"text-align: center;color: #b36cac;\" > Erstgespr\u00e4ch \/ Erstbehandlung<\/h2>\t\n[\/vc_column][\/vc_row][vc_row][vc_column][vc_column_text]<\/p>\n<p style=\"text-align: center;\">Wenn Du mehr \u00fcber Heilbehandlungen\u00a0erfahren und mich pers\u00f6nlich kennen lernen m\u00f6chtest,<br \/>\nkannst Du Dich gerne zu einem Erstgespr\u00e4ch\/ einer ersten Behandlung anmelden.<br \/>\nWeitere Informationen unter <a href=\"https:\/\/jasminerinyaschuler.com\/einzelsitzungen-ueberblick-und-kosten-2\/\" target=\"_blank\" rel=\"noopener noreferrer\">Einzelsitzungen\/\u00dcberblick &amp; Kosten<\/a>.<\/p>\n<p>[\/vc_column_text][vc_btn title=&#8221;Anmeldung zu einem Erstgespr\u00e4ch \/ Erstbehandlung&#8221; color=&#8221;purple&#8221; align=&#8221;center&#8221; link=&#8221;url:https%3A%2F%2Fjasminerinyaschuler.com%2Fkontakt%2F||target:%20_blank|&#8221;][vc_empty_space height=&#8221;40px&#8221;][\/vc_column][\/vc_row][vc_row css=&#8221;.vc_custom_1504193925567{margin-top: 30px !important;margin-bottom: 30px !important;}&#8221;][vc_column][vc_empty_space height=&#8221;20px&#8221;]\t\n\t<h2 style=\"text-align: center;color: #b36cac;\" > R\u00fcckmeldungen zu Heilbehandlungen<\/h2>\t\n[vc_column_text]<\/p>\n<p style=\"text-align: left;\">&#8220;Zuerst schienen die \u00fcblichen Mittel zu helfen, doch dann spitzte sich meine Blasenentz\u00fcndung innerhalb weniger Stunden so sehr zu, dass ich vor Schmerzen kaum noch sitzen konnte und das am Abend, au\u00dferhalb \u00e4rztlicher Sprechstundenzeiten. Das Ausstreichen meiner Aura bewirkte schon eine sp\u00fcrbare Ver\u00e4nderung. Dann behandelte Jasmin f\u00fcr 10-15 Minuten mein zweites Chakra und die Schmerzen lie\u00dfen deutlich nach. Das war sehr erleichternd und ich konnte mich wieder mehr entspannen.&#8221;<\/p>\n<p style=\"text-align: left;\">\u201eOhne offensichtlichen \u00e4u\u00dferen Zusammenhang hatte mein Sohn pl\u00f6tzlich enorme Einschlafschwierigkeiten. Das war schon seit ein paar Wochen so und ich ging bereits auf dem Zahnfleisch. Er konnte nicht mehr allein einschlafen, war sehr \u00e4ngstlich und weinte, so dass ich ihn zu mir ins Bett holen musste, damit er einschlafen konnte. Nach der ersten Heilbehandlung und der Gabe eines pflanzlichen Heilmittels konnte er bald wieder im eigenen Bett einschlafen und wenn er nachts wach wurde, beruhigte er sich schnell wieder. Nach zwei weiteren Behandlungen konnte er wieder gut und tief schlafen.<br \/>\nDas war sehr erleichternd. In der ersten Zeit bevor die deutliche Besserung eintrat halfen mir auch die Meridianbalance-\u00dcbungen, um mich selbst zu beruhigen und zu entspannen und nicht \u201edurchzudrehen\u201c, wenn ich an seinem Bett sa\u00df und er so schwer in den Schlaf fand. Ich bin sehr froh, dass wir das mit so sanften und nat\u00fcrlichen Heilmethoden geschafft haben. Das ist mir sehr wichtig. Vielen Dank!\u201c <em>Berufst\u00e4tige Mutter, Emmendingen<\/em><\/p>\n<p>&nbsp;<\/p>\n<p style=\"text-align: left;\">&#8220;Unsere Tochter war damals 1,5 Jahre alt, als ich Dich um Hilfe bat. Seit ihrer Geburt hat sie jede Nacht zum Teil mehrere Stunden oder sehr h\u00e4ufig geweint. Nach nur einer Fernbehandlung hat sie die erste Nacht seitdem sie geboren wurde gut geschlafen! Es kam immer mal wieder vor, dass sie noch geweint hat, aber kein Vergleich zu vorher!&#8221;\u00a0<em>Kinderkrankenschwester, Westernhausen<\/em><\/p>\n<p>[\/vc_column_text][vc_btn title=&#8221;Weitere R\u00fcckmeldungen &#8221; color=&#8221;purple&#8221; align=&#8221;center&#8221; link=&#8221;url:https%3A%2F%2Fjasminerinyaschuler.com%2F||target:%20_blank|&#8221;][\/vc_column][\/vc_row]<\/p>\n","protected":false},"excerpt":{"rendered":"<p>[vc_row css=&#8221;.vc_custom_1503913379424{margin-top: 0px !important;margin-bottom: 0px !important;padding-top: 40px !important;}&#8221;][vc_column][\/vc_column][\/vc_row][vc_row css=&#8221;.vc_custom_1503503607463{background-color: #e5f2bb !important;}&#8221;][vc_column][vc_column_text css=&#8221;.vc_custom_1504459106158{margin-top: 20px !important;margin-bottom: 20px !important;}&#8221;] Jede Heilbehandlung ist einzigartig. Diese Arbeit hat sich \u00fcber viele Jahre herausgebildet und entwickelt [&hellip;]<\/p>\n","protected":false},"author":1,"featured_media":0,"parent":0,"menu_order":0,"comment_status":"closed","ping_status":"closed","template":"page-templates\/template-canvas.php","meta":{"_acf_changed":false,"footnotes":""},"class_list":["post-2022","page","type-page","status-publish","hentry"],"acf":[],"_links":{"self":[{"href":"https:\/\/jasminerinyaschuler.com\/en\/wp-json\/wp\/v2\/pages\/2022","targetHints":{"allow":["GET"]}}],"collection":[{"href":"https:\/\/jasminerinyaschuler.com\/en\/wp-json\/wp\/v2\/pages"}],"about":[{"href":"https:\/\/jasminerinyaschuler.com\/en\/wp-json\/wp\/v2\/types\/page"}],"author":[{"embeddable":true,"href":"https:\/\/jasminerinyaschuler.com\/en\/wp-json\/wp\/v2\/users\/1"}],"replies":[{"embeddable":true,"href":"https:\/\/jasminerinyaschuler.com\/en\/wp-json\/wp\/v2\/comments?post=2022"}],"version-history":[{"count":16,"href":"https:\/\/jasminerinyaschuler.com\/en\/wp-json\/wp\/v2\/pages\/2022\/revisions"}],"predecessor-version":[{"id":3665,"href":"https:\/\/jasminerinyaschuler.com\/en\/wp-json\/wp\/v2\/pages\/2022\/revisions\/3665"}],"wp:attachment":[{"href":"https:\/\/jasminerinyaschuler.com\/en\/wp-json\/wp\/v2\/media?parent=2022"}],"curies":[{"name":"wp","href":"https:\/\/api.w.org\/{rel}","templated":true}]}}